{"id":1465,"date":"2023-07-03T12:09:18","date_gmt":"2023-07-03T10:09:18","guid":{"rendered":"http:\/\/babolinus.art\/?page_id=1465"},"modified":"2023-07-03T12:09:18","modified_gmt":"2023-07-03T10:09:18","slug":"politique-de-confidentialite-de-babolinus","status":"publish","type":"page","link":"https:\/\/babolinus.art\/?page_id=1465","title":{"rendered":"POLITIQUE DE CONFIDENTIALITE DE BABOLINUS"},"content":{"rendered":"\n<p class=\"has-text-align-center\"><\/p>\n\n\n\n<ol class=\"wp-block-list\" type=\"1\">\n<li><strong><u>Texticule de Pr\u00e9ambule<\/u><\/strong><\/li>\n<\/ol>\n\n\n\n<p>Afin de vous pr\u00e9senter ses chefs d\u2019\u0153uvre et traiter les tr\u00e8s nombreuses sollicitations que vous lui envoyez, Babolinus met en \u0153uvre des traitements de donn\u00e9es \u00e0 caract\u00e8re personnel dans le cadre de son activit\u00e9 d\u2019artiste g\u00e9nial visionnaire incompris du XXIe si\u00e8cle.<\/p>\n\n\n\n<p>Son second m\u00e9tier de juriste juridique le pousse \u00e0 respecter la l\u00e9gislation en vigueur relative \u00e0 la collecte et au traitement de ces donn\u00e9es. Il s\u2019agit notamment du sacro-saint <a href=\"https:\/\/eur-lex.europa.eu\/legal-content\/FR\/TXT\/HTML\/?uri=CELEX:32016R0679\">R\u00e8glement General sur la Protection des Donn\u00e9es<\/a>, n\u00b02016\/679.<\/p>\n\n\n\n<p>Si vous souhaitez le lire dans son int\u00e9gralit\u00e9, prenez garde. La l\u00e9gende dit que beaucoup de stagiaires en droit et juristes sont devenus fous en essayant de comprendre ce texte. Sinon la <a href=\"https:\/\/www.cnil.fr\/fr\">CNIL<\/a> essaie de le rendre accessible au profane avec plein de chouettes synth\u00e8ses et infographies.<\/p>\n\n\n\n<ul class=\"wp-block-list\">\n<li><strong><u>Identit\u00e9 et coordonn\u00e9es du Responsable du Traitement<\/u><\/strong><\/li>\n<\/ul>\n\n\n\n<p>Vos donn\u00e9es \u00e0 caract\u00e8re personnel sont trait\u00e9es par Babolinus, une personne physique dont l\u2019identit\u00e9 exacte doit rester secr\u00e8te, mais que vous pouvez tout de m\u00eame contacter via l\u2019adresse <em>babolinus[coin]babolinus.art<\/em>. Remplacez le <em>[coin]<\/em> par une @rob@se pour avoir l\u2019adresse mail exacte.<\/p>\n\n\n\n<ul class=\"wp-block-list\">\n<li><strong><u>Quelques d\u00e9finitions<\/u><\/strong><\/li>\n<\/ul>\n\n\n\n<p><strong>Babolinus<\/strong>&nbsp;: Votre serviteur, artiste g\u00e9nial pr\u00e9sent\u00e9 lors du Texticule de Pr\u00e9ambule.<\/p>\n\n\n\n<p><strong>Donn\u00e9es \u00e0 caract\u00e8res personnel<\/strong>&nbsp;: Au sens large toute information qui permettrait de vous identifier, de mani\u00e8re directe ou indirecte.<\/p>\n\n\n\n<p><strong>Site<\/strong>&nbsp;: le pr\u00e9sent site <a href=\"http:\/\/www.babolinus.art\">www.babolinus.art<\/a> &nbsp;<\/p>\n\n\n\n<p><strong>Sous-traitant<\/strong>&nbsp;: quelqu\u2019un (personne physique ou morale) \u00e0 qui je refile vos Donn\u00e9es \u00e0 caract\u00e8re personnel contre recettes sonnantes ou tr\u00e9buchantes (hey la CNIL c\u2019est une blague, on se calme), ou qui effectue des Traitements dessus sur mon instruction. C\u2019est-\u00e0-dire personne.<\/p>\n\n\n\n<p><strong>Traitement<\/strong>&nbsp;: toute op\u00e9ration ou tout ensemble d\u2019op\u00e9ration r\u00e9alis\u00e9es de mani\u00e8re manuelle ou automatis\u00e9e sur les Donn\u00e9es \u00e0 caract\u00e8re personnel susmentionn\u00e9es.<\/p>\n\n\n\n<p><strong>Violation de Donn\u00e9es \u00e0 caract\u00e8re personnel<\/strong>&nbsp;: Une Violation peut provenir d\u2019une faille de s\u00e9curit\u00e9 entrainant, de mani\u00e8re accidentelle ou illicite, la destruction, la perte, l\u2019alt\u00e9ration, la divulgation non autoris\u00e9e de Donn\u00e9es \u00e0 caract\u00e8re personnel transmises, conserv\u00e9es ou trait\u00e9es d\u2019une autre mani\u00e8re, ou l\u2019acc\u00e8s non autoris\u00e9 de telles donn\u00e9es. Vous \u00eates pr\u00e9venus&nbsp;!<\/p>\n\n\n\n<ul class=\"wp-block-list\">\n<li><strong><u>Finalit\u00e9 des Traitements &amp; Bases l\u00e9gales<\/u><\/strong><\/li>\n<\/ul>\n\n\n\n<p>Babolinus collecte et traite vos Donn\u00e9es \u00e0 caract\u00e8re personnel pour <s>les revendre aux chinois<\/s> des finalit\u00e9s tout \u00e0 fait transparentes, l\u00e9gitimes et d\u00e9termin\u00e9es. Les Traitements ne sont jamais disproportionn\u00e9s par rapport \u00e0 leur finalit\u00e9.<\/p>\n\n\n\n<p>Babolinus veille au grain sur vos Donn\u00e9es, et ne les traite que pour les besoins suivants&nbsp;:<\/p>\n\n\n\n<ul class=\"wp-block-list\">\n<li>Recevoir vos messages via le formulaire de contact du Site,<\/li>\n\n\n\n<li>R\u00e9pondre \u00e0 vos messages via le formulaire de contact du Site.<\/li>\n\n\n\n<li>Trois cookies bizarres d\u00e9pos\u00e9s sur votre navigateur, mais seulement \u00e0 des fins techniques pour votre exp\u00e9rience utilisateur. Et pour faire des stats sur le tr\u00e8s grand volume de visite du Site.<\/li>\n<\/ul>\n\n\n\n<p>Babolinus ne traite vos Donn\u00e9es que pour des int\u00e9r\u00eats l\u00e9gitimes, qui sont la fourniture du Site, l\u2019information de ses visiteurs, et la r\u00e9ponse aux mots doux (ou d\u2019insultes) que vous lui envoyez. C\u0153ur sur vous les lapins.<\/p>\n\n\n\n<ul class=\"wp-block-list\">\n<li><strong><u>Destinataires des Donn\u00e9es \u00e0 caract\u00e8re personnel<\/u><\/strong><\/li>\n<\/ul>\n\n\n\n<p>Vos Donn\u00e9es \u00e0 caract\u00e8re personnel sont destin\u00e9es au grand Babolinus en personne.<\/p>\n\n\n\n<ul class=\"wp-block-list\">\n<li><strong><u>Transfert de Donn\u00e9es \u00e0 caract\u00e8re personnel<\/u><\/strong><\/li>\n<\/ul>\n\n\n\n<p>Si pour l\u2019une ou l\u2019autre raison Babolinus doit envoyer vos Donn\u00e9es \u00e0 caract\u00e8re personnel en dehors de l\u2019Union europ\u00e9enne, vous en serez inform\u00e9s dans la mesure du possible, et Babolinus utilisera la formidable protection conf\u00e9r\u00e9e par les clauses contractuelles type (lol).<\/p>\n\n\n\n<ul class=\"wp-block-list\">\n<li><strong><u>Vos droits li\u00e9s au Traitement de vos Donn\u00e9es \u00e0 caract\u00e8re personnel<\/u><\/strong><\/li>\n<\/ul>\n\n\n\n<p>Vous disposez de plusieurs droits&nbsp;:<\/p>\n\n\n\n<ul class=\"wp-block-list\">\n<li>Un droit d\u2019acc\u00e8s \u00e0 vos Donn\u00e9es \u00e0 caract\u00e8re personnel,<\/li>\n\n\n\n<li>Un droit de rectification ou \u00e0 l\u2019effacement de celles-ci,<\/li>\n\n\n\n<li>Un droit \u00e0 la limitation du traitement dont vous faites l\u2019objet,<\/li>\n\n\n\n<li>Un droit de vous opposer au traitement.<\/li>\n<\/ul>\n\n\n\n<p>Vous pouvez exercer ces droits en contactant directement Babolinus par email&nbsp;: <em>babolinus[coin]babolinus.art<\/em>. Remplacez le <em>[coin]<\/em> par une @rob@se. Il fera de son mieux pour r\u00e9pondre promptement \u00e0 votre demande.<\/p>\n\n\n\n<p>Si jamais Babolinus ne respecte pas l\u2019un ou l\u2019autre de ces droits, ou se fait trop d\u2019argent en revendant vos Donn\u00e9es \u00e0 caract\u00e8re personnel, vous pouvez le <a href=\"https:\/\/www.cnil.fr\/fr\/plaintes\">poucave<\/a> \u00e0 la CNIL, l\u2019autorit\u00e9 de contr\u00f4le fran\u00e7aise en charge des traitements de Donn\u00e9es \u00e0 caract\u00e8re personnel.<\/p>\n\n\n\n<p>Sinon vous pouvez envoyer une \u00e9quipe de forains \u00e0 son domicile, c\u2019est aussi tr\u00e8s efficace.<\/p>\n\n\n\n<p>Bisous.<\/p>\n","protected":false},"excerpt":{"rendered":"<p>Afin de vous pr\u00e9senter ses chefs d\u2019\u0153uvre et traiter les tr\u00e8s nombreuses sollicitations que vous lui envoyez, Babolinus met en \u0153uvre des traitements de donn\u00e9es \u00e0 caract\u00e8re personnel dans le cadre de son activit\u00e9 d\u2019artiste g\u00e9nial visionnaire incompris du XXIe si\u00e8cle. Son second m\u00e9tier de juriste juridique le pousse \u00e0 respecter la l\u00e9gislation en vigueur&hellip;<\/p>\n","protected":false},"author":1,"featured_media":0,"parent":0,"menu_order":0,"comment_status":"closed","ping_status":"closed","template":"","meta":{"jetpack_post_was_ever_published":false,"footnotes":""},"class_list":["post-1465","page","type-page","status-publish","hentry","empty-entry-meta"],"jetpack_sharing_enabled":true,"jetpack_shortlink":"https:\/\/wp.me\/P9lA9Q-nD","jetpack_likes_enabled":true,"jetpack-related-posts":[{"id":460,"url":"https:\/\/babolinus.art\/?page_id=460","url_meta":{"origin":1465,"position":0},"title":"Contact","author":"Babolinus","date":"4 novembre 2017","format":false,"excerpt":"Avant d'envoyer vos informations les plus personnelles, vous pouvez consulter la superbe Politique de confidentialit\u00e9 de Babolinus.","rel":"","context":"Article similaire","block_context":{"text":"Article similaire","link":""},"img":{"alt_text":"","src":"","width":0,"height":0},"classes":[]}],"_links":{"self":[{"href":"https:\/\/babolinus.art\/index.php?rest_route=\/wp\/v2\/pages\/1465","targetHints":{"allow":["GET"]}}],"collection":[{"href":"https:\/\/babolinus.art\/index.php?rest_route=\/wp\/v2\/pages"}],"about":[{"href":"https:\/\/babolinus.art\/index.php?rest_route=\/wp\/v2\/types\/page"}],"author":[{"embeddable":true,"href":"https:\/\/babolinus.art\/index.php?rest_route=\/wp\/v2\/users\/1"}],"replies":[{"embeddable":true,"href":"https:\/\/babolinus.art\/index.php?rest_route=%2Fwp%2Fv2%2Fcomments&post=1465"}],"version-history":[{"count":2,"href":"https:\/\/babolinus.art\/index.php?rest_route=\/wp\/v2\/pages\/1465\/revisions"}],"predecessor-version":[{"id":1467,"href":"https:\/\/babolinus.art\/index.php?rest_route=\/wp\/v2\/pages\/1465\/revisions\/1467"}],"wp:attachment":[{"href":"https:\/\/babolinus.art\/index.php?rest_route=%2Fwp%2Fv2%2Fmedia&parent=1465"}],"curies":[{"name":"wp","href":"https:\/\/api.w.org\/{rel}","templated":true}]}}